{"id":5,"date":"2026-05-12T21:22:14","date_gmt":"2026-05-12T21:22:14","guid":{"rendered":"https:\/\/passionate-teal-alligator.144-76-168-29.cpanel.site\/?page_id=5"},"modified":"2026-05-12T21:28:22","modified_gmt":"2026-05-12T21:28:22","slug":"bambo","status":"publish","type":"page","link":"https:\/\/passionate-teal-alligator.144-76-168-29.cpanel.site\/?page_id=5","title":{"rendered":"Bambo"},"content":{"rendered":"\n<p>L\u00e6kkert sommerhus fra 2008 kun 300 meter fra dejlig, b\u00f8rnevenlig badestrand og beliggende i den gamle del af Fjellerup Strand. 84 m2 fordelt p\u00e5 3 soverum og stort k\u00f8kken\/alrum med alkove. Der er 6 sovepladser i sommerhuset samt et anneks med 2 b\u00f8rne-sovepladser.<\/p>\n\n\n\n<p><strong>Sommerhusets placering<\/strong>:<br>&#8211; Egevej 5, Fjellerup Strand, Norddjursland.<br>&#8211; 25 km til Grenaa, 39 km til Randers, 57 km til Aarhus.<br>&#8211;&nbsp;<a href=\"https:\/\/www.google.dk\/maps\/place\/Egevej+5,+8585+Glesborg\/@56.5143293,10.5853466,16z\/data=!4m2!3m1!1s0x464e82d6281ff0c9:0x336ac874098f772c?hl=da\" target=\"_blank\" rel=\"noreferrer noopener\">Se placering i Google Maps<\/a><\/p>\n\n\n\n<p><br><strong>Udstyr<\/strong>:<br>&#8211; Komfur\/ovn.<br>&#8211; Mikrob\u00f8lgeovn.<br>&#8211; K\u00f8leskab med frys.<br>&#8211; Opvaskemaskine.<br>&#8211; Vaskemaskine.<br>&#8211; TV med ca. 40 kanaler.<br>&#8211; Br\u00e6ndeovn.<br>&#8211; Grill.<br>&#8211; 4 cykler.<\/p>\n\n\n\n<p><a href=\"http:\/\/datast.dk\/Sommerhus\/FremvisningBilleder.htm\">Billeder af sommerhuset<\/a><\/p>\n","protected":false},"excerpt":{"rendered":"<p>L\u00e6kkert sommerhus fra 2008 kun 300 meter fra dejlig, b\u00f8rnevenlig badestrand og beliggende i den gamle del af Fjellerup Strand. 84 m2 fordelt p\u00e5 3 soverum og stort k\u00f8kken\/alrum med alkove. Der er 6 sovepladser i sommerhuset samt et anneks med 2 b\u00f8rne-sovepladser. Sommerhusets placering:&#8211; Egevej 5, Fjellerup Strand, Norddjursland.&#8211; 25 km til Grenaa, 39 [&hellip;]<\/p>\n","protected":false},"author":1,"featured_media":0,"parent":0,"menu_order":0,"comment_status":"closed","ping_status":"closed","template":"","meta":{"footnotes":""},"class_list":["post-5","page","type-page","status-publish","hentry"],"_links":{"self":[{"href":"https:\/\/passionate-teal-alligator.144-76-168-29.cpanel.site\/index.php?rest_route=\/wp\/v2\/pages\/5","targetHints":{"allow":["GET"]}}],"collection":[{"href":"https:\/\/passionate-teal-alligator.144-76-168-29.cpanel.site\/index.php?rest_route=\/wp\/v2\/pages"}],"about":[{"href":"https:\/\/passionate-teal-alligator.144-76-168-29.cpanel.site\/index.php?rest_route=\/wp\/v2\/types\/page"}],"author":[{"embeddable":true,"href":"https:\/\/passionate-teal-alligator.144-76-168-29.cpanel.site\/index.php?rest_route=\/wp\/v2\/users\/1"}],"replies":[{"embeddable":true,"href":"https:\/\/passionate-teal-alligator.144-76-168-29.cpanel.site\/index.php?rest_route=%2Fwp%2Fv2%2Fcomments&post=5"}],"version-history":[{"count":2,"href":"https:\/\/passionate-teal-alligator.144-76-168-29.cpanel.site\/index.php?rest_route=\/wp\/v2\/pages\/5\/revisions"}],"predecessor-version":[{"id":15,"href":"https:\/\/passionate-teal-alligator.144-76-168-29.cpanel.site\/index.php?rest_route=\/wp\/v2\/pages\/5\/revisions\/15"}],"wp:attachment":[{"href":"https:\/\/passionate-teal-alligator.144-76-168-29.cpanel.site\/index.php?rest_route=%2Fwp%2Fv2%2Fmedia&parent=5"}],"curies":[{"name":"wp","href":"https:\/\/api.w.org\/{rel}","templated":true}]}}